
{"id":113018,"date":"2024-01-05T11:54:24","date_gmt":"2024-01-05T11:54:24","guid":{"rendered":"https:\/\/mathema.me\/quiz-success\/"},"modified":"2024-04-22T14:59:43","modified_gmt":"2024-04-22T14:59:43","slug":"quiz-success","status":"publish","type":"page","link":"https:\/\/mathema.me\/tr\/quiz-success\/","title":{"rendered":"\u0423\u0441\u043f\u0456\u0445 \u043a\u0432\u0456\u0437\u0443 \u0422\u0443\u0440\u0435\u0446\u044c\u043a\u0438\u0439"},"content":{"rendered":"\n<div class=\"cent-cotnt margbot71\"><\/div>\n<img data-recalc-dims=\"1\" loading=\"lazy\" decoding=\"async\" class=\"alignnone size-full wp-image-51253 aligncenter\" src=\"https:\/\/i0.wp.com\/mathema.me\/wp-content\/uploads\/2023\/12\/success-1.png?resize=80%2C80&#038;ssl=1\" alt=\"success 1\" width=\"80\" height=\"80\" srcset=\"https:\/\/i0.wp.com\/mathema.me\/wp-content\/uploads\/2023\/12\/success-1.png?w=80&amp;ssl=1 80w, https:\/\/i0.wp.com\/mathema.me\/wp-content\/uploads\/2023\/12\/success-1.png?resize=50%2C50&amp;ssl=1 50w\" sizes=\"auto, (max-width: 80px) 100vw, 80px\" \/>\n<h3 style=\"text-align: center;\">Te\u015fekk\u00fcrler, \u00f6\u011fretmen aray\u0131\u015f\u0131 ba\u015flad\u0131 \ud83d\ude0a<\/h3><p style=\"text-align: center;\">Y\u00f6neticimiz, \u00f6\u011fretmenle ilk dersi planlamak i\u00e7in size ula\u015facak.<\/p>\n","protected":false},"excerpt":{"rendered":"<p>Te\u015fekk\u00fcrler, \u00f6\u011fretmen aray\u0131\u015f\u0131 ba\u015flad\u0131 \ud83d\ude0a Y\u00f6neticimiz, \u00f6\u011fretmenle ilk dersi planlamak i\u00e7in size ula\u015facak.<\/p>\n","protected":false},"author":25,"featured_media":0,"parent":0,"menu_order":1143,"comment_status":"closed","ping_status":"closed","template":"page-quiz-success.php","meta":{"_acf_changed":false,"_glsr_average":0,"_glsr_ranking":0,"_glsr_reviews":0,"footnotes":""},"class_list":["post-113018","page","type-page","status-publish","hentry"],"acf":[],"jetpack_sharing_enabled":true,"_links":{"self":[{"href":"https:\/\/mathema.me\/tr\/wp-json\/wp\/v2\/pages\/113018","targetHints":{"allow":["GET"]}}],"collection":[{"href":"https:\/\/mathema.me\/tr\/wp-json\/wp\/v2\/pages"}],"about":[{"href":"https:\/\/mathema.me\/tr\/wp-json\/wp\/v2\/types\/page"}],"author":[{"embeddable":true,"href":"https:\/\/mathema.me\/tr\/wp-json\/wp\/v2\/users\/25"}],"replies":[{"embeddable":true,"href":"https:\/\/mathema.me\/tr\/wp-json\/wp\/v2\/comments?post=113018"}],"version-history":[{"count":0,"href":"https:\/\/mathema.me\/tr\/wp-json\/wp\/v2\/pages\/113018\/revisions"}],"wp:attachment":[{"href":"https:\/\/mathema.me\/tr\/wp-json\/wp\/v2\/media?parent=113018"}],"curies":[{"name":"wp","href":"https:\/\/api.w.org\/{rel}","templated":true}]}}