
{"id":109367,"date":"2023-02-15T16:25:08","date_gmt":"2023-02-15T16:25:08","guid":{"rendered":"https:\/\/mathema.me\/what-is-a-test-lesson\/"},"modified":"2024-04-23T13:29:30","modified_gmt":"2024-04-23T13:29:30","slug":"what-is-a-test-lesson","status":"publish","type":"page","link":"https:\/\/mathema.me\/tr\/what-is-a-test-lesson\/","title":{"rendered":"Test dersi nedir?"},"content":{"rendered":"\n<h1 class=\"wp-block-heading\" id=\"\u0449\u043e-\u0442\u0430\u043a\u0435-\u0443\u0440\u043e\u043a-\u0434\u0456\u0430\u0433\u043d\u043e\u0441\u0442\u0438\u043a\u0430\">Test dersi nedir?<\/h1>\n\n\n\n<p><strong>Mathema&#8217;n\u0131n \u00e7evrimi\u00e7i test dersleri, \u00e7ocu\u011funuzun matematik becerilerini g\u00f6zden ge\u00e7irmenin ve m\u00fckemmel \u00f6\u011fretmen e\u015fle\u015fmesini bulman\u0131n m\u00fckemmel bir yoludur.<\/strong><\/p>\n\n\n\n<p>Test dersleri 45 dakika s\u00fcrer. Dersin sonu\u00e7lar\u0131, \u00e7ocu\u011funuzun ger\u00e7ek matematik yeteneklerine dair bir fikir verecek ve iyile\u015ftirilmesi gereken alanlar\u0131 belirlemenize yard\u0131mc\u0131 olacakt\u0131r.<\/p>\n<p>&nbsp;<\/p>\n","protected":false},"excerpt":{"rendered":"<p>Test dersi nedir? Mathema&#8217;n\u0131n \u00e7evrimi\u00e7i test dersleri, \u00e7ocu\u011funuzun matematik becerilerini g\u00f6zden ge\u00e7irmenin ve m\u00fckemmel \u00f6\u011fretmen e\u015fle\u015fmesini bulman\u0131n m\u00fckemmel bir yoludur. [&hellip;]<\/p>\n","protected":false},"author":20,"featured_media":0,"parent":0,"menu_order":1114,"comment_status":"closed","ping_status":"closed","template":"page-what-is-diagnostic-english.php","meta":{"_acf_changed":false,"_glsr_average":0,"_glsr_ranking":0,"_glsr_reviews":0,"footnotes":""},"class_list":["post-109367","page","type-page","status-publish","hentry"],"acf":[],"jetpack_sharing_enabled":true,"_links":{"self":[{"href":"https:\/\/mathema.me\/tr\/wp-json\/wp\/v2\/pages\/109367","targetHints":{"allow":["GET"]}}],"collection":[{"href":"https:\/\/mathema.me\/tr\/wp-json\/wp\/v2\/pages"}],"about":[{"href":"https:\/\/mathema.me\/tr\/wp-json\/wp\/v2\/types\/page"}],"author":[{"embeddable":true,"href":"https:\/\/mathema.me\/tr\/wp-json\/wp\/v2\/users\/20"}],"replies":[{"embeddable":true,"href":"https:\/\/mathema.me\/tr\/wp-json\/wp\/v2\/comments?post=109367"}],"version-history":[{"count":0,"href":"https:\/\/mathema.me\/tr\/wp-json\/wp\/v2\/pages\/109367\/revisions"}],"wp:attachment":[{"href":"https:\/\/mathema.me\/tr\/wp-json\/wp\/v2\/media?parent=109367"}],"curies":[{"name":"wp","href":"https:\/\/api.w.org\/{rel}","templated":true}]}}