
{"id":62392,"date":"2024-02-10T13:27:56","date_gmt":"2024-02-10T13:27:56","guid":{"rendered":"https:\/\/mathema.me\/?page_id=62392"},"modified":"2025-03-14T13:34:09","modified_gmt":"2025-03-14T11:34:09","slug":"sukces-quizu","status":"publish","type":"page","link":"https:\/\/mathema.me\/pl\/sukces-quizu\/","title":{"rendered":"Sukces quizu"},"content":{"rendered":"\n<div class=\"cent-cotnt margbot71\"><\/div>\n<img data-recalc-dims=\"1\" loading=\"lazy\" decoding=\"async\" class=\"alignnone size-full wp-image-51253 aligncenter\" src=\"https:\/\/i0.wp.com\/mathema.me\/wp-content\/uploads\/2023\/12\/success-1.png?resize=80%2C80&#038;ssl=1\" alt=\"success 1\" width=\"80\" height=\"80\" srcset=\"https:\/\/i0.wp.com\/mathema.me\/wp-content\/uploads\/2023\/12\/success-1.png?w=80&amp;ssl=1 80w, https:\/\/i0.wp.com\/mathema.me\/wp-content\/uploads\/2023\/12\/success-1.png?resize=50%2C50&amp;ssl=1 50w\" sizes=\"auto, (max-width: 80px) 100vw, 80px\" \/>\n<h3 style=\"text-align: center;\">Dzi\u0119kujemy, rozpocz\u0119li\u015bmy poszukiwanie korepetytora \ud83d\ude0a<\/h3><p style=\"text-align: center;\">Nasz menad\u017cer zadzwoni, aby um\u00f3wi\u0107 pierwsz\u0105 lekcj\u0119 z korepetytorem<\/p>\n","protected":false},"excerpt":{"rendered":"<p>Dzi\u0119kujemy, rozpocz\u0119li\u015bmy poszukiwanie korepetytora \ud83d\ude0a Nasz menad\u017cer zadzwoni, aby um\u00f3wi\u0107 pierwsz\u0105 lekcj\u0119 z korepetytorem<\/p>\n","protected":false},"author":25,"featured_media":0,"parent":0,"menu_order":1144,"comment_status":"closed","ping_status":"closed","template":"page-quiz-success.php","meta":{"_acf_changed":false,"_glsr_average":0,"_glsr_ranking":0,"_glsr_reviews":0,"footnotes":""},"class_list":["post-62392","page","type-page","status-publish","hentry"],"acf":[],"jetpack_sharing_enabled":true,"_links":{"self":[{"href":"https:\/\/mathema.me\/pl\/wp-json\/wp\/v2\/pages\/62392","targetHints":{"allow":["GET"]}}],"collection":[{"href":"https:\/\/mathema.me\/pl\/wp-json\/wp\/v2\/pages"}],"about":[{"href":"https:\/\/mathema.me\/pl\/wp-json\/wp\/v2\/types\/page"}],"author":[{"embeddable":true,"href":"https:\/\/mathema.me\/pl\/wp-json\/wp\/v2\/users\/25"}],"replies":[{"embeddable":true,"href":"https:\/\/mathema.me\/pl\/wp-json\/wp\/v2\/comments?post=62392"}],"version-history":[{"count":1,"href":"https:\/\/mathema.me\/pl\/wp-json\/wp\/v2\/pages\/62392\/revisions"}],"predecessor-version":[{"id":223718,"href":"https:\/\/mathema.me\/pl\/wp-json\/wp\/v2\/pages\/62392\/revisions\/223718"}],"wp:attachment":[{"href":"https:\/\/mathema.me\/pl\/wp-json\/wp\/v2\/media?parent=62392"}],"curies":[{"name":"wp","href":"https:\/\/api.w.org\/{rel}","templated":true}]}}