
{"id":50920,"date":"2023-12-22T14:56:32","date_gmt":"2023-12-22T14:56:32","guid":{"rendered":"https:\/\/mathema.me\/?page_id=50920"},"modified":"2026-02-20T10:44:53","modified_gmt":"2026-02-20T08:44:53","slug":"robota-repetitorom-z-matematiki-dlya-studentiv","status":"publish","type":"page","link":"https:\/\/mathema.me\/pl\/robota-repetitorom-z-matematiki-dlya-studentiv\/","title":{"rendered":"Praca korepetytora matematyki dla student\u00f3w"},"content":{"rendered":"\n<p class=\"has-text-align-center\">Edukacyjna platforma Mathema poszukuje korepetytor\u00f3w online z matematyki i zaprasza do wsp\u00f3\u0142pracy student\u00f3w. Obecnie w Mathema pracuje ju\u017c oko\u0142o 500 korepetytor\u00f3w, z czego niemal 20% to studenci. Ka\u017cdego miesi\u0105ca otrzymuj\u0105 oni stabilny dodatkowy doch\u00f3d i kontynuuj\u0105 nauk\u0119 na uczelniach wy\u017cszych.<\/p>\n","protected":false},"excerpt":{"rendered":"<p>Edukacyjna platforma Mathema poszukuje korepetytor\u00f3w online z matematyki i zaprasza do wsp\u00f3\u0142pracy student\u00f3w. Obecnie w Mathema pracuje ju\u017c oko\u0142o 500 [&hellip;]<\/p>\n","protected":false},"author":21,"featured_media":0,"parent":0,"menu_order":1180,"comment_status":"closed","ping_status":"closed","template":"page-became-teacher.php","meta":{"_acf_changed":false,"_glsr_average":0,"_glsr_ranking":0,"_glsr_reviews":0,"footnotes":""},"class_list":["post-50920","page","type-page","status-publish","hentry"],"acf":[],"jetpack_sharing_enabled":true,"_links":{"self":[{"href":"https:\/\/mathema.me\/pl\/wp-json\/wp\/v2\/pages\/50920","targetHints":{"allow":["GET"]}}],"collection":[{"href":"https:\/\/mathema.me\/pl\/wp-json\/wp\/v2\/pages"}],"about":[{"href":"https:\/\/mathema.me\/pl\/wp-json\/wp\/v2\/types\/page"}],"author":[{"embeddable":true,"href":"https:\/\/mathema.me\/pl\/wp-json\/wp\/v2\/users\/21"}],"replies":[{"embeddable":true,"href":"https:\/\/mathema.me\/pl\/wp-json\/wp\/v2\/comments?post=50920"}],"version-history":[{"count":1,"href":"https:\/\/mathema.me\/pl\/wp-json\/wp\/v2\/pages\/50920\/revisions"}],"predecessor-version":[{"id":226436,"href":"https:\/\/mathema.me\/pl\/wp-json\/wp\/v2\/pages\/50920\/revisions\/226436"}],"wp:attachment":[{"href":"https:\/\/mathema.me\/pl\/wp-json\/wp\/v2\/media?parent=50920"}],"curies":[{"name":"wp","href":"https:\/\/api.w.org\/{rel}","templated":true}]}}