
{"id":2365,"date":"2022-09-20T11:09:49","date_gmt":"2022-09-20T11:09:49","guid":{"rendered":"https:\/\/mathema.me\/about-us\/"},"modified":"2023-02-28T16:26:28","modified_gmt":"2023-02-28T16:26:28","slug":"about-us","status":"publish","type":"page","link":"https:\/\/mathema.me\/pl\/about-us\/","title":{"rendered":"O nas"},"content":{"rendered":"<p>Nasza online szko\u0142a matematyki powsta\u0142a w styczniu 2021 roku. Obecnie jeste\u015bmy jedn\u0105 z najwi\u0119kszych szk\u00f3\u0142 matematycznych w Europie Wschodniej &#8211; uczy si\u0119 u nas jednocze\u015bnie ponad 2 tys. uczni\u00f3w. Ka\u017cdego miesi\u0105ca realizujemy ponad 7 000 lekcji. Nasz\u0105 skuteczno\u015b\u0107 potwierdza wysoka ocena naszych klient\u00f3w na Trustpilot.<\/p>\n","protected":false},"excerpt":{"rendered":"<p>Nasza online szko\u0142a matematyki powsta\u0142a w styczniu 2021 roku. Obecnie jeste\u015bmy jedn\u0105 z najwi\u0119kszych szk\u00f3\u0142 matematycznych w Europie Wschodniej &#8211; [&hellip;]<\/p>\n","protected":false},"author":20,"featured_media":0,"parent":0,"menu_order":1211,"comment_status":"closed","ping_status":"closed","template":"page-about.php","meta":{"_acf_changed":false,"_glsr_average":0,"_glsr_ranking":0,"_glsr_reviews":0,"footnotes":""},"class_list":["post-2365","page","type-page","status-publish","hentry"],"acf":[],"jetpack_sharing_enabled":true,"_links":{"self":[{"href":"https:\/\/mathema.me\/pl\/wp-json\/wp\/v2\/pages\/2365","targetHints":{"allow":["GET"]}}],"collection":[{"href":"https:\/\/mathema.me\/pl\/wp-json\/wp\/v2\/pages"}],"about":[{"href":"https:\/\/mathema.me\/pl\/wp-json\/wp\/v2\/types\/page"}],"author":[{"embeddable":true,"href":"https:\/\/mathema.me\/pl\/wp-json\/wp\/v2\/users\/20"}],"replies":[{"embeddable":true,"href":"https:\/\/mathema.me\/pl\/wp-json\/wp\/v2\/comments?post=2365"}],"version-history":[{"count":0,"href":"https:\/\/mathema.me\/pl\/wp-json\/wp\/v2\/pages\/2365\/revisions"}],"wp:attachment":[{"href":"https:\/\/mathema.me\/pl\/wp-json\/wp\/v2\/media?parent=2365"}],"curies":[{"name":"wp","href":"https:\/\/api.w.org\/{rel}","templated":true}]}}