
{"id":220535,"date":"2024-12-24T19:05:42","date_gmt":"2024-12-24T17:05:42","guid":{"rendered":"https:\/\/mathema.me\/?page_id=220535"},"modified":"2024-12-24T19:05:50","modified_gmt":"2024-12-24T17:05:50","slug":"dzielenie-pisemne-z-reszta","status":"publish","type":"page","link":"https:\/\/mathema.me\/pl\/materialy-edukacyjne\/prezentacje\/klasa-4\/dzielenie-pisemne-z-reszta\/","title":{"rendered":"Dzielenie pisemne z reszt\u0105 prezentacja klasa 4"},"content":{"rendered":"\n<div class=\"wp-block-columns is-layout-flex wp-container-core-columns-is-layout-9d6595d7 wp-block-columns-is-layout-flex\">\n<div class=\"wp-block-column is-layout-flow wp-block-column-is-layout-flow\" style=\"flex-basis:10%\">\n<p><br><\/p>\n<\/div>\n\n\n\n<div class=\"wp-block-column is-layout-flow wp-block-column-is-layout-flow\" style=\"flex-basis:80%\">\n<p class=\"has-text-align-center\">Na tej stronie mo\u017cna pobra\u0107 prezentacj\u0119 lekcji <strong>\u201eDzielenie pisemne z reszt\u0105\u201d<\/strong> dla nauczycieli matematyki w klasie 4. Prezentacja zawiera materia\u0142y wyja\u015bniaj\u0105ce zasady dzielenia pisemnego, przyk\u0142ady oblicze\u0144 z reszt\u0105 oraz \u0107wiczenia praktyczne dla uczni\u00f3w. Zawarto tak\u017ce zadania do samodzielnej pracy, testy kontrolne i zadanie domowe.<\/p>\n<\/div>\n\n\n\n<div class=\"wp-block-column is-layout-flow wp-block-column-is-layout-flow\" style=\"flex-basis:10%\"><\/div>\n<\/div>\n\n\n<div class=\"ead-preview\"><div class=\"ead-document\" style=\"position: relative\"><div class=\"ead-iframe-wrapper\"><iframe src=\"\/\/docs.google.com\/viewer?url=https%3A%2F%2Fmathema.me%2Fwp-content%2Fuploads%2F2024%2F12%2Fdzielenie-pisemne-z-reszta.pptx-%E2%80%93-kopiya-1.pptx&amp;embedded=true&amp;hl=en\" title=\"Embedded Document\" class=\"ead-iframe\" style=\"width: 100%;height: 80%;border: none;min-height: 500px;visibility: hidden;\"><\/iframe><\/div>\t\t\t<div class=\"ead-document-loading\" style=\"width:100%;height:100%;position:absolute;left:0;top:0;z-index:10\">\n\t\t\t\t<div class=\"ead-loading-wrap\">\n\t\t\t\t\t<div class=\"ead-loading-main\">\n\t\t\t\t\t\t<div class=\"ead-loading\">\n\t\t\t\t\t\t\t<img loading=\"lazy\" decoding=\"async\" src=\"https:\/\/mathema.me\/wp-content\/plugins\/embed-any-document\/images\/loading.svg\" width=\"55\" height=\"55\" alt=\"Loader\">\n\t\t\t\t\t\t\t<span>Loading&#8230;<\/span>\n\t\t\t\t\t\t<\/div>\n\t\t\t\t\t<\/div>\n\t\t\t\t\t<div class=\"ead-loading-foot\">\n\t\t\t\t\t\t<div class=\"ead-loading-foot-title\">\n\t\t\t\t\t\t\t<img loading=\"lazy\" decoding=\"async\" src=\"https:\/\/mathema.me\/wp-content\/plugins\/embed-any-document\/images\/EAD-logo.svg\" alt=\"EAD Logo\" width=\"36\" height=\"23\"\/>\n\t\t\t\t\t\t\t<span>Taking too long?<\/span>\n\t\t\t\t\t\t<\/div>\n\t\t\t\t\t\t<p>\n\t\t\t\t\t\t\t<div class=\"ead-document-btn ead-reload-btn\" role=\"button\">\n\t\t\t\t\t\t\t\t<img loading=\"lazy\" decoding=\"async\" src=\"https:\/\/mathema.me\/wp-content\/plugins\/embed-any-document\/images\/reload.svg\" alt=\"Reload\" width=\"12\" height=\"12\"\/> Reload document\t\t\t\t\t\t\t<\/div>\n\t\t\t\t\t\t\t<span>|<\/span>\n\t\t\t\t\t\t\t<a href=\"https:\/\/docs.google.com\/viewer?url=https%3A%2F%2Fmathema.me%2Fwp-content%2Fuploads%2F2024%2F12%2Fdzielenie-pisemne-z-reszta.pptx-%E2%80%93-kopiya-1.pptx&#038;hl=en\" class=\"ead-document-btn\" target=\"_blank\">\n\t\t\t\t\t\t\t\t<img loading=\"lazy\" decoding=\"async\" src=\"https:\/\/mathema.me\/wp-content\/plugins\/embed-any-document\/images\/open.svg\" alt=\"Open\" width=\"12\" height=\"12\"\/> Open in new tab\t\t\t\t\t\t\t<\/a>\n\t\t\t\t\t<\/div>\n\t\t\t\t<\/div>\n\t\t\t<\/div>\n\t\t<\/div><p class=\"embed_download\"><a href=\"https:\/\/mathema.me\/wp-content\/uploads\/2024\/12\/dzielenie-pisemne-z-reszta.pptx-\u2013-kopiya-1.pptx\" download>Pobierz [657.27 KB] <\/a><\/p><\/div>","protected":false},"excerpt":{"rendered":"<p>Na tej stronie mo\u017cna pobra\u0107 prezentacj\u0119 lekcji \u201eDzielenie pisemne z reszt\u0105\u201d dla nauczycieli matematyki w klasie 4. Prezentacja zawiera materia\u0142y [&hellip;]<\/p>\n","protected":false},"author":11,"featured_media":0,"parent":220305,"menu_order":34,"comment_status":"closed","ping_status":"closed","template":"","meta":{"_acf_changed":false,"_glsr_average":0,"_glsr_ranking":0,"_glsr_reviews":0,"footnotes":""},"class_list":["post-220535","page","type-page","status-publish","hentry"],"acf":[],"jetpack_sharing_enabled":true,"_links":{"self":[{"href":"https:\/\/mathema.me\/pl\/wp-json\/wp\/v2\/pages\/220535","targetHints":{"allow":["GET"]}}],"collection":[{"href":"https:\/\/mathema.me\/pl\/wp-json\/wp\/v2\/pages"}],"about":[{"href":"https:\/\/mathema.me\/pl\/wp-json\/wp\/v2\/types\/page"}],"author":[{"embeddable":true,"href":"https:\/\/mathema.me\/pl\/wp-json\/wp\/v2\/users\/11"}],"replies":[{"embeddable":true,"href":"https:\/\/mathema.me\/pl\/wp-json\/wp\/v2\/comments?post=220535"}],"version-history":[{"count":3,"href":"https:\/\/mathema.me\/pl\/wp-json\/wp\/v2\/pages\/220535\/revisions"}],"predecessor-version":[{"id":220571,"href":"https:\/\/mathema.me\/pl\/wp-json\/wp\/v2\/pages\/220535\/revisions\/220571"}],"up":[{"embeddable":true,"href":"https:\/\/mathema.me\/pl\/wp-json\/wp\/v2\/pages\/220305"}],"wp:attachment":[{"href":"https:\/\/mathema.me\/pl\/wp-json\/wp\/v2\/media?parent=220535"}],"curies":[{"name":"wp","href":"https:\/\/api.w.org\/{rel}","templated":true}]}}