
{"id":2196,"date":"2022-02-09T10:44:23","date_gmt":"2022-02-09T10:44:23","guid":{"rendered":"https:\/\/mathema.me\/stati-vchitelem\/"},"modified":"2025-04-01T16:17:19","modified_gmt":"2025-04-01T13:17:19","slug":"zostan-nauczycielem-matematyki","status":"publish","type":"page","link":"https:\/\/mathema.me\/pl\/zostan-nauczycielem-matematyki\/","title":{"rendered":"Zosta\u0144 nauczycielem matematyki"},"content":{"rendered":"\n<p class=\"has-text-align-center\">Zosta\u0144 nauczycielem matematyki w szkole internetowej MATHEMA. <br>Zarabiaj do 4 000 z\u0142otych miesi\u0119cznie pracuj\u0105c dodatkowe 4 godziny dziennie.<\/p>\n","protected":false},"excerpt":{"rendered":"<p>Zosta\u0144 nauczycielem matematyki w szkole internetowej MATHEMA. Zarabiaj do 4 000 z\u0142otych miesi\u0119cznie pracuj\u0105c dodatkowe 4 godziny dziennie.<\/p>\n","protected":false},"author":21,"featured_media":0,"parent":0,"menu_order":1196,"comment_status":"closed","ping_status":"closed","template":"page-became-teacher.php","meta":{"_acf_changed":false,"_glsr_average":0,"_glsr_ranking":0,"_glsr_reviews":0,"footnotes":""},"class_list":["post-2196","page","type-page","status-publish","hentry"],"acf":[],"jetpack_sharing_enabled":true,"_links":{"self":[{"href":"https:\/\/mathema.me\/pl\/wp-json\/wp\/v2\/pages\/2196","targetHints":{"allow":["GET"]}}],"collection":[{"href":"https:\/\/mathema.me\/pl\/wp-json\/wp\/v2\/pages"}],"about":[{"href":"https:\/\/mathema.me\/pl\/wp-json\/wp\/v2\/types\/page"}],"author":[{"embeddable":true,"href":"https:\/\/mathema.me\/pl\/wp-json\/wp\/v2\/users\/21"}],"replies":[{"embeddable":true,"href":"https:\/\/mathema.me\/pl\/wp-json\/wp\/v2\/comments?post=2196"}],"version-history":[{"count":3,"href":"https:\/\/mathema.me\/pl\/wp-json\/wp\/v2\/pages\/2196\/revisions"}],"predecessor-version":[{"id":224823,"href":"https:\/\/mathema.me\/pl\/wp-json\/wp\/v2\/pages\/2196\/revisions\/224823"}],"wp:attachment":[{"href":"https:\/\/mathema.me\/pl\/wp-json\/wp\/v2\/media?parent=2196"}],"curies":[{"name":"wp","href":"https:\/\/api.w.org\/{rel}","templated":true}]}}