
{"id":2002,"date":"2022-08-16T14:26:40","date_gmt":"2022-08-16T14:26:40","guid":{"rendered":"https:\/\/mathema.me\/?page_id=2002"},"modified":"2025-08-02T14:41:24","modified_gmt":"2025-08-02T11:41:24","slug":"faq","status":"publish","type":"page","link":"https:\/\/mathema.me\/pl\/faq\/","title":{"rendered":"Odpowiedzi na pytania \u2013 MATHEMA"},"content":{"rendered":"\n<p>Tutaj znajdziesz odpowiedzi na najcz\u0119\u015bciej zadawane pytania dotycz\u0105ce naszych szk\u00f3\u0142, procesu nauczania, opiekun\u00f3w i op\u0142at.<\/p>\n\n\n<p><script>\n\/\/FAQ click\n\tjQuery(document).ready(function($){\n$(function() {                       \/\/run when the DOM is ready\n  $(\".faq-question.faq-item\").click(function() {  \/\/use a class, since your ID gets mangled\n    $(this).next().toggleClass(\"visible\");      \/\/add the class to the clicked element\n  });\n});\n});\n<\/script><\/p>\n","protected":false},"excerpt":{"rendered":"<p>Tutaj znajdziesz odpowiedzi na najcz\u0119\u015bciej zadawane pytania dotycz\u0105ce naszych szk\u00f3\u0142, procesu nauczania, opiekun\u00f3w i op\u0142at.<\/p>\n","protected":false},"author":20,"featured_media":0,"parent":0,"menu_order":1120,"comment_status":"closed","ping_status":"closed","template":"page-faq.php","meta":{"_acf_changed":false,"footnotes":""},"class_list":["post-2002","page","type-page","status-publish","hentry"],"acf":[],"jetpack_sharing_enabled":true,"_links":{"self":[{"href":"https:\/\/mathema.me\/pl\/wp-json\/wp\/v2\/pages\/2002","targetHints":{"allow":["GET"]}}],"collection":[{"href":"https:\/\/mathema.me\/pl\/wp-json\/wp\/v2\/pages"}],"about":[{"href":"https:\/\/mathema.me\/pl\/wp-json\/wp\/v2\/types\/page"}],"author":[{"embeddable":true,"href":"https:\/\/mathema.me\/pl\/wp-json\/wp\/v2\/users\/20"}],"replies":[{"embeddable":true,"href":"https:\/\/mathema.me\/pl\/wp-json\/wp\/v2\/comments?post=2002"}],"version-history":[{"count":2,"href":"https:\/\/mathema.me\/pl\/wp-json\/wp\/v2\/pages\/2002\/revisions"}],"predecessor-version":[{"id":226087,"href":"https:\/\/mathema.me\/pl\/wp-json\/wp\/v2\/pages\/2002\/revisions\/226087"}],"wp:attachment":[{"href":"https:\/\/mathema.me\/pl\/wp-json\/wp\/v2\/media?parent=2002"}],"curies":[{"name":"wp","href":"https:\/\/api.w.org\/{rel}","templated":true}]}}