
{"id":1584,"date":"2022-05-18T15:49:38","date_gmt":"2022-05-18T15:49:38","guid":{"rendered":"https:\/\/mathema.me\/?page_id=1584"},"modified":"2023-10-02T15:57:00","modified_gmt":"2023-10-02T15:57:00","slug":"co-to-jest-diagnoza-lekcji","status":"publish","type":"page","link":"https:\/\/mathema.me\/pl\/co-to-jest-diagnoza-lekcji\/","title":{"rendered":"Na czym polega lekcja diagnostyczna?"},"content":{"rendered":"\n<h3 class=\"wp-block-heading\"><strong>Internetowa Szko\u0142a Matematyki <br \/>dla uczni\u00f3w szk\u00f3\u0142 podstawowych i \u015brednich\u00a0<\/strong><\/h3>\n\n\n\n<p>Poprawimy wiedz\u0119 szkoln\u0105, pomo\u017cemy w odrabianiu pracy domowej, przygotujemy do sprawdzianu, matury, egzaminu \u00f3smoklasisty<br><br><\/p>\n\n\n\n<p>Zapisz si\u0119 na pierwsz\u0105 lekcj\u0119 diagnostyczn\u0105. Wykwalifikowany korepetytor oceni poziom wiedzy Twojego dziecka i zaproponuje indywidualny program nauczania, aby Twoje dziecko ju\u017c po miesi\u0105cu nie mia\u0142o \u017cadnych problem\u00f3w z matematyk\u0105.<\/p>\n","protected":false},"excerpt":{"rendered":"<p>Internetowa Szko\u0142a Matematyki dla uczni\u00f3w szk\u00f3\u0142 podstawowych i \u015brednich\u00a0 Poprawimy wiedz\u0119 szkoln\u0105, pomo\u017cemy w odrabianiu pracy domowej, przygotujemy do sprawdzianu, [&hellip;]<\/p>\n","protected":false},"author":20,"featured_media":0,"parent":0,"menu_order":1172,"comment_status":"closed","ping_status":"closed","template":"page-what-is-diagnostic-poland.php","meta":{"_acf_changed":false,"footnotes":""},"class_list":["post-1584","page","type-page","status-publish","hentry"],"acf":[],"jetpack_sharing_enabled":true,"_links":{"self":[{"href":"https:\/\/mathema.me\/pl\/wp-json\/wp\/v2\/pages\/1584","targetHints":{"allow":["GET"]}}],"collection":[{"href":"https:\/\/mathema.me\/pl\/wp-json\/wp\/v2\/pages"}],"about":[{"href":"https:\/\/mathema.me\/pl\/wp-json\/wp\/v2\/types\/page"}],"author":[{"embeddable":true,"href":"https:\/\/mathema.me\/pl\/wp-json\/wp\/v2\/users\/20"}],"replies":[{"embeddable":true,"href":"https:\/\/mathema.me\/pl\/wp-json\/wp\/v2\/comments?post=1584"}],"version-history":[{"count":0,"href":"https:\/\/mathema.me\/pl\/wp-json\/wp\/v2\/pages\/1584\/revisions"}],"wp:attachment":[{"href":"https:\/\/mathema.me\/pl\/wp-json\/wp\/v2\/media?parent=1584"}],"curies":[{"name":"wp","href":"https:\/\/api.w.org\/{rel}","templated":true}]}}