
{"id":1551,"date":"2022-05-11T18:12:45","date_gmt":"2022-05-11T18:12:45","guid":{"rendered":"https:\/\/mathema.me\/?page_id=1551"},"modified":"2023-09-06T11:14:44","modified_gmt":"2023-09-06T11:14:44","slug":"internetowa-szkola-matematyki-dla-uczniow-szkol-podstawowych-i-srednich","status":"publish","type":"page","link":"https:\/\/mathema.me\/pl\/internetowa-szkola-matematyki-dla-uczniow-szkol-podstawowych-i-srednich\/","title":{"rendered":"Internetowa Szko\u0142a Matematyki dla uczni\u00f3w szk\u00f3\u0142 podstawowych i \u015brednich\u00a0"},"content":{"rendered":"\n<p class=\"has-text-align-left\"><strong>Poprawimy wiedz\u0119 szkoln\u0105, pomo\u017cemy w odrabianiu pracy domowej, przygotujemy do sprawdzianu, matury, egzaminu \u00f3smoklasisty<\/strong><\/p>\n\n\n\n<p class=\"has-text-align-left\">Zapisz si\u0119 na pierwsz\u0105 lekcj\u0119 diagnostyczn\u0105. Wykwalifikowany korepetytor oceni poziom wiedzy Twojego dziecka i zaproponuje indywidualny program nauczania, aby Twoje dziecko ju\u017c po miesi\u0105cu nie mia\u0142o \u017cadnych problem\u00f3w z matematyk\u0105.<\/p>\n","protected":false},"excerpt":{"rendered":"<p>Poprawimy wiedz\u0119 szkoln\u0105, pomo\u017cemy w odrabianiu pracy domowej, przygotujemy do sprawdzianu, matury, egzaminu \u00f3smoklasisty Zapisz si\u0119 na pierwsz\u0105 lekcj\u0119 diagnostyczn\u0105. [&hellip;]<\/p>\n","protected":false},"author":20,"featured_media":0,"parent":0,"menu_order":1170,"comment_status":"closed","ping_status":"closed","template":"page-what-is-diagnostic-poland.php","meta":{"_acf_changed":false,"footnotes":""},"class_list":["post-1551","page","type-page","status-publish","hentry"],"acf":[],"jetpack_sharing_enabled":true,"_links":{"self":[{"href":"https:\/\/mathema.me\/pl\/wp-json\/wp\/v2\/pages\/1551","targetHints":{"allow":["GET"]}}],"collection":[{"href":"https:\/\/mathema.me\/pl\/wp-json\/wp\/v2\/pages"}],"about":[{"href":"https:\/\/mathema.me\/pl\/wp-json\/wp\/v2\/types\/page"}],"author":[{"embeddable":true,"href":"https:\/\/mathema.me\/pl\/wp-json\/wp\/v2\/users\/20"}],"replies":[{"embeddable":true,"href":"https:\/\/mathema.me\/pl\/wp-json\/wp\/v2\/comments?post=1551"}],"version-history":[{"count":0,"href":"https:\/\/mathema.me\/pl\/wp-json\/wp\/v2\/pages\/1551\/revisions"}],"wp:attachment":[{"href":"https:\/\/mathema.me\/pl\/wp-json\/wp\/v2\/media?parent=1551"}],"curies":[{"name":"wp","href":"https:\/\/api.w.org\/{rel}","templated":true}]}}