
{"id":10524,"date":"2023-02-22T16:28:41","date_gmt":"2023-02-22T16:28:41","guid":{"rendered":"https:\/\/mathema.me\/?page_id=10524"},"modified":"2023-02-22T16:41:11","modified_gmt":"2023-02-22T16:41:11","slug":"bezplatne-przygotowanie-do-matury-z-matematyki","status":"publish","type":"page","link":"https:\/\/mathema.me\/pl\/bezplatne-przygotowanie-do-matury-z-matematyki\/","title":{"rendered":"Bezp\u0142atne przygotowanie do matury z matematyki"},"content":{"rendered":"<p>Do\u015bwiadczeni nauczyciele szko\u0142y internetowej MATHEMA profesjonalnie przygotuj\u0105 Twoje dziecko do Matury z matematyki 2023. Online. Bezp\u0142atnie. Przez ca\u0142y rok akademicki.<\/p>\n<p>&nbsp;<\/p>\n<p><strong>Data rozpocz\u0119cia.<br \/>\n<\/strong>Od 15 listopada do dnia egzaminu<strong><br \/>\n<\/strong><\/p>\n","protected":false},"excerpt":{"rendered":"<p>Do\u015bwiadczeni nauczyciele szko\u0142y internetowej MATHEMA profesjonalnie przygotuj\u0105 Twoje dziecko do Matury z matematyki 2023. Online. Bezp\u0142atnie. Przez ca\u0142y rok akademicki. [&hellip;]<\/p>\n","protected":false},"author":20,"featured_media":0,"parent":0,"menu_order":1103,"comment_status":"closed","ping_status":"closed","template":"page-zno-free-poland.php","meta":{"_acf_changed":false,"footnotes":""},"class_list":["post-10524","page","type-page","status-publish","hentry"],"acf":[],"jetpack_sharing_enabled":true,"_links":{"self":[{"href":"https:\/\/mathema.me\/pl\/wp-json\/wp\/v2\/pages\/10524","targetHints":{"allow":["GET"]}}],"collection":[{"href":"https:\/\/mathema.me\/pl\/wp-json\/wp\/v2\/pages"}],"about":[{"href":"https:\/\/mathema.me\/pl\/wp-json\/wp\/v2\/types\/page"}],"author":[{"embeddable":true,"href":"https:\/\/mathema.me\/pl\/wp-json\/wp\/v2\/users\/20"}],"replies":[{"embeddable":true,"href":"https:\/\/mathema.me\/pl\/wp-json\/wp\/v2\/comments?post=10524"}],"version-history":[{"count":1,"href":"https:\/\/mathema.me\/pl\/wp-json\/wp\/v2\/pages\/10524\/revisions"}],"predecessor-version":[{"id":226378,"href":"https:\/\/mathema.me\/pl\/wp-json\/wp\/v2\/pages\/10524\/revisions\/226378"}],"wp:attachment":[{"href":"https:\/\/mathema.me\/pl\/wp-json\/wp\/v2\/media?parent=10524"}],"curies":[{"name":"wp","href":"https:\/\/api.w.org\/{rel}","templated":true}]}}