
{"id":1705,"date":"2022-08-04T11:14:48","date_gmt":"2022-08-04T11:14:48","guid":{"rendered":"https:\/\/mathema.me\/kviz\/"},"modified":"2024-12-16T11:20:33","modified_gmt":"2024-12-16T09:20:33","slug":"kartkowka-old","status":"publish","type":"page","link":"https:\/\/mathema.me\/fr\/kartkowka-old\/","title":{"rendered":"Diagnostyka &#8211; polski"},"content":{"rendered":"\n<h1 class=\"wp-block-heading\">Zapisz si\u0119 na lekcj\u0119 diagnostyczn\u0105<\/h1>\n\n\n\n<ul style=\"text-align: left;\"><li>Odpowiedz na 3 pytania.<\/li><li>Zapisz si\u0119 na lekcj\u0119, podczas kt\u00f3rej ocenimy stan wiedzy Twojego dziecka<\/li><li>Poznaj zaproponowany przez nas plan nauki<\/li><\/ul>\n\n\n\n<p><\/p>\n","protected":false},"excerpt":{"rendered":"<p>Zapisz si\u0119 na lekcj\u0119 diagnostyczn\u0105 Odpowiedz na 3 pytania. Zapisz si\u0119 na lekcj\u0119, podczas kt\u00f3rej ocenimy stan wiedzy Twojego dziecka [&hellip;]<\/p>\n","protected":false},"author":20,"featured_media":2656,"parent":0,"menu_order":1124,"comment_status":"closed","ping_status":"closed","template":"page-diagnostic-registration-poland.php","meta":{"_acf_changed":false,"_glsr_average":0,"_glsr_ranking":0,"_glsr_reviews":0,"footnotes":""},"class_list":["post-1705","page","type-page","status-publish","has-post-thumbnail","hentry"],"acf":[],"jetpack_sharing_enabled":true,"_links":{"self":[{"href":"https:\/\/mathema.me\/fr\/wp-json\/wp\/v2\/pages\/1705","targetHints":{"allow":["GET"]}}],"collection":[{"href":"https:\/\/mathema.me\/fr\/wp-json\/wp\/v2\/pages"}],"about":[{"href":"https:\/\/mathema.me\/fr\/wp-json\/wp\/v2\/types\/page"}],"author":[{"embeddable":true,"href":"https:\/\/mathema.me\/fr\/wp-json\/wp\/v2\/users\/20"}],"replies":[{"embeddable":true,"href":"https:\/\/mathema.me\/fr\/wp-json\/wp\/v2\/comments?post=1705"}],"version-history":[{"count":5,"href":"https:\/\/mathema.me\/fr\/wp-json\/wp\/v2\/pages\/1705\/revisions"}],"predecessor-version":[{"id":219122,"href":"https:\/\/mathema.me\/fr\/wp-json\/wp\/v2\/pages\/1705\/revisions\/219122"}],"wp:featuredmedia":[{"embeddable":true,"href":"https:\/\/mathema.me\/fr\/wp-json\/wp\/v2\/media\/2656"}],"wp:attachment":[{"href":"https:\/\/mathema.me\/fr\/wp-json\/wp\/v2\/media?parent=1705"}],"curies":[{"name":"wp","href":"https:\/\/api.w.org\/{rel}","templated":true}]}}